{"id":13,"date":"2024-12-18T13:16:59","date_gmt":"2024-12-18T12:16:59","guid":{"rendered":"https:\/\/voieducorps.fr\/?page_id=13"},"modified":"2025-06-22T12:48:19","modified_gmt":"2025-06-22T10:48:19","slug":"therapie","status":"publish","type":"page","link":"https:\/\/voieducorps.fr\/index.php\/therapie\/","title":{"rendered":"Th\u00e9rapie psychocorporelle et Energ\u00e9tique"},"content":{"rendered":"\t\t<div data-elementor-type=\"wp-page\" data-elementor-id=\"13\" class=\"elementor elementor-13\" data-elementor-post-type=\"page\">\n\t\t\t\t<div class=\"elementor-element elementor-element-d96b36a e-flex e-con-boxed e-con e-parent\" data-id=\"d96b36a\" data-element_type=\"container\" data-settings=\"{&quot;background_background&quot;:&quot;classic&quot;}\">\n\t\t\t\t\t<div class=\"e-con-inner\">\n\t\t\t\t<div class=\"elementor-element elementor-element-3f9b928 elementor-widget elementor-widget-text-editor\" data-id=\"3f9b928\" data-element_type=\"widget\" data-widget_type=\"text-editor.default\">\n\t\t\t\t<div class=\"elementor-widget-container\">\n\t\t\t\t\t\t\t\t\t<p>Th\u00e9rapie Psychocorporelle<\/p>\t\t\t\t\t\t\t\t<\/div>\n\t\t\t\t<\/div>\n\t\t\t\t\t<\/div>\n\t\t\t\t<\/div>\n\t\t<div class=\"elementor-element elementor-element-9723731 e-flex e-con-boxed e-con e-parent\" data-id=\"9723731\" data-element_type=\"container\">\n\t\t\t\t\t<div class=\"e-con-inner\">\n\t\t\t\t<div class=\"elementor-element elementor-element-85ea94c elementor-widget elementor-widget-heading\" data-id=\"85ea94c\" data-element_type=\"widget\" data-widget_type=\"heading.default\">\n\t\t\t\t<div class=\"elementor-widget-container\">\n\t\t\t\t\t<h2 class=\"elementor-heading-title elementor-size-default\">Les Bienfaits de la Th\u00e9rapie<\/h2>\t\t\t\t<\/div>\n\t\t\t\t<\/div>\n\t\t\t\t\t<\/div>\n\t\t\t\t<\/div>\n\t\t<div class=\"elementor-element elementor-element-7bdf151 e-flex e-con-boxed e-con e-parent\" data-id=\"7bdf151\" data-element_type=\"container\">\n\t\t\t\t\t<div class=\"e-con-inner\">\n\t\t<div class=\"elementor-element elementor-element-d6e1445 e-con-full e-flex e-con e-child\" data-id=\"d6e1445\" data-element_type=\"container\">\n\t\t\t\t<div class=\"elementor-element elementor-element-f6cd58e elementor-widget elementor-widget-text-editor\" data-id=\"f6cd58e\" data-element_type=\"widget\" data-widget_type=\"text-editor.default\">\n\t\t\t\t<div class=\"elementor-widget-container\">\n\t\t\t\t\t\t\t\t\t<p><span style=\"white-space-collapse: preserve;\">La th\u00e9rapie psychocorporelle favorise le d\u00e9nouement de situations de vie probl\u00e9matiques et la r\u00e9solution des troubles psychosomatiques qu\u2019elles entra\u00eenent. <\/span><\/p><p>Elle associe le toucher \u00e0 des outils de psychoth\u00e9rapie verbale pour aider une personne dans son corps, dans sa vie et dans ses relations.<\/p><p>Bas\u00e9e sur la qualit\u00e9 de pr\u00e9sence \u00e0 l\u2019autre la Relation d\u2019aide par le Toucher permet \u00e0 chacun de lib\u00e9rer ses tensions corporelles et ses blocages \u00e9motionnels pour se d\u00e9gager de son pass\u00e9 et pour mobiliser ses ressources personnelles.<\/p><p>Cette th\u00e9rapie est un processus qui se construit dans le cadre d\u2019un nombre limit\u00e9 de s\u00e9ances et pour laquelle un objectif th\u00e9rapeutique est d\u00e9fini. Elle s&rsquo;accomplit dans le respect du cheminement de la personne \u00e0 partir des difficult\u00e9s qu&rsquo;elle rencontre\u00a0dans son corps, dans sa relation \u00e0 l\u2019autre et dans son quotidien<span style=\"color: var( --e-global-color-text ); font-family: var( --e-global-typography-text-font-family ), Sans-serif; font-weight: var( --e-global-typography-text-font-weight ); text-align: var(--text-align); background-color: var( --e-global-color-secondary ); font-size: 1rem;\">.<\/span><\/p>\t\t\t\t\t\t\t\t<\/div>\n\t\t\t\t<\/div>\n\t\t\t\t<\/div>\n\t\t<div class=\"elementor-element elementor-element-6aefc78 e-con-full e-flex e-con e-child\" data-id=\"6aefc78\" data-element_type=\"container\" data-settings=\"{&quot;background_background&quot;:&quot;gradient&quot;}\">\n\t\t\t\t<div class=\"elementor-element elementor-element-351e414 elementor-widget elementor-widget-heading\" data-id=\"351e414\" data-element_type=\"widget\" data-widget_type=\"heading.default\">\n\t\t\t\t<div class=\"elementor-widget-container\">\n\t\t\t\t\t<h3 class=\"elementor-heading-title elementor-size-default\">D\u00e9couvrez ses bienfaits lors \nd\u2019une premi\u00e8re s\u00e9ance<\/h3>\t\t\t\t<\/div>\n\t\t\t\t<\/div>\n\t\t<div class=\"elementor-element elementor-element-bc58857 e-con-full e-flex e-con e-child\" data-id=\"bc58857\" data-element_type=\"container\">\n\t\t\t\t<div class=\"elementor-element elementor-element-6f8a483 elementor-widget elementor-widget-text-editor\" data-id=\"6f8a483\" data-element_type=\"widget\" data-widget_type=\"text-editor.default\">\n\t\t\t\t<div class=\"elementor-widget-container\">\n\t\t\t\t\t\t\t\t\t<p>Tarif : 90\u20ac<\/p>\t\t\t\t\t\t\t\t<\/div>\n\t\t\t\t<\/div>\n\t\t\t\t<div class=\"elementor-element elementor-element-b480600 elementor-widget elementor-widget-text-editor\" data-id=\"b480600\" data-element_type=\"widget\" data-widget_type=\"text-editor.default\">\n\t\t\t\t<div class=\"elementor-widget-container\">\n\t\t\t\t\t\t\t\t\t<p>Dur\u00e9 de la s\u00e9ance : 1h15<\/p>\t\t\t\t\t\t\t\t<\/div>\n\t\t\t\t<\/div>\n\t\t\t\t<\/div>\n\t\t\t\t<div class=\"elementor-element elementor-element-bd94d12 elementor-align-center elementor-widget elementor-widget-button\" data-id=\"bd94d12\" data-element_type=\"widget\" data-widget_type=\"button.default\">\n\t\t\t\t<div class=\"elementor-widget-container\">\n\t\t\t\t\t\t\t\t\t<div class=\"elementor-button-wrapper\">\n\t\t\t\t\t<a class=\"elementor-button elementor-button-link elementor-size-sm\" href=\"https:\/\/calendly.com\/voieducorps-rdvrodez\" target=\"_blank\">\n\t\t\t\t\t\t<span class=\"elementor-button-content-wrapper\">\n\t\t\t\t\t\t\t\t\t<span class=\"elementor-button-text\">Prendre rendez-vous<\/span>\n\t\t\t\t\t<\/span>\n\t\t\t\t\t<\/a>\n\t\t\t\t<\/div>\n\t\t\t\t\t\t\t\t<\/div>\n\t\t\t\t<\/div>\n\t\t\t\t<\/div>\n\t\t\t\t\t<\/div>\n\t\t\t\t<\/div>\n\t\t<div class=\"elementor-element elementor-element-3907e62 e-con-full e-flex e-con e-parent\" data-id=\"3907e62\" data-element_type=\"container\" data-settings=\"{&quot;background_background&quot;:&quot;classic&quot;}\">\n\t\t<div class=\"elementor-element elementor-element-42992c4 e-con-full e-flex e-con e-child\" data-id=\"42992c4\" data-element_type=\"container\" data-settings=\"{&quot;background_background&quot;:&quot;classic&quot;}\">\n\t\t\t\t<div class=\"elementor-element elementor-element-e61f90e elementor-widget elementor-widget-text-editor\" data-id=\"e61f90e\" data-element_type=\"widget\" data-widget_type=\"text-editor.default\">\n\t\t\t\t<div class=\"elementor-widget-container\">\n\t\t\t\t\t\t\t\t\t<h2>Explorez la Th\u00e9rapie Psychocorporelle et \u00c9nerg\u00e9tique<\/h2><h3>Une Approche Holistique<\/h3><p>La th\u00e9rapie psychocorporelle et \u00e9nerg\u00e9tique s&rsquo;appuie sur une compr\u00e9hension profonde de l&rsquo;interconnexion entre le corps, l&rsquo;esprit et l&rsquo;\u00e9nergie. <br \/><br \/>Elle int\u00e8gre diverses modalit\u00e9s et techniques pour travailler avec la totalit\u00e9 de votre \u00eatre, y compris le massage, la respiration, la m\u00e9ditation et d&rsquo;autres pratiques \u00e9nerg\u00e9tiques. Cette approche vous invite \u00e0 plonger dans une exploration consciente de vos patterns, vos traumas et vos ressources internes.<\/p><h3>Les Techniques Utilis\u00e9es dans les th\u00e9rapies \u00e9nerg\u00e9tiques et psychocorporelles ?<\/h3><p>Nous utilisons une vari\u00e9t\u00e9 de techniques adapt\u00e9es aux besoins sp\u00e9cifiques de chaque individu, telles que :<br \/><br \/>Travail corporel : Mobiliser le corps pour lib\u00e9rer les tensions physiques et \u00e9motionnelles.<br \/>Pratiques \u00e9nerg\u00e9tiques : Harmoniser et \u00e9quilibrer le flux \u00e9nerg\u00e9tique \u00e0 travers diff\u00e9rentes techniques.<br \/>Dialogue th\u00e9rapeutique : Faciliter l&rsquo;expression, la compr\u00e9hension et la transformation des exp\u00e9riences et des \u00e9motions.<\/p>\t\t\t\t\t\t\t\t<\/div>\n\t\t\t\t<\/div>\n\t\t\t\t<\/div>\n\t\t<div class=\"elementor-element elementor-element-dbdfc74 e-con-full e-flex e-con e-child\" data-id=\"dbdfc74\" data-element_type=\"container\">\n\t\t\t\t<div class=\"elementor-element elementor-element-54bc1b7 elementor-widget elementor-widget-image\" data-id=\"54bc1b7\" data-element_type=\"widget\" data-widget_type=\"image.default\">\n\t\t\t\t<div class=\"elementor-widget-container\">\n\t\t\t\t\t\t\t\t\t\t\t\t\t\t\t<img fetchpriority=\"high\" decoding=\"async\" width=\"276\" height=\"266\" src=\"https:\/\/voieducorps.fr\/wp-content\/uploads\/2024\/12\/Frame-3.png\" class=\"attachment-large size-large wp-image-46\" alt=\"Logo de la th\u00e9rapie psychocorporelle\" \/>\t\t\t\t\t\t\t\t\t\t\t\t\t\t\t<\/div>\n\t\t\t\t<\/div>\n\t\t\t\t<\/div>\n\t\t\t\t<\/div>\n\t\t<div class=\"elementor-element elementor-element-41dcd61 e-flex e-con-boxed e-con e-parent\" data-id=\"41dcd61\" data-element_type=\"container\">\n\t\t\t\t\t<div class=\"e-con-inner\">\n\t\t<div class=\"elementor-element elementor-element-29e1a57 e-con-full e-flex e-con e-child\" data-id=\"29e1a57\" data-element_type=\"container\" data-settings=\"{&quot;background_background&quot;:&quot;classic&quot;}\">\n\t\t<div class=\"elementor-element elementor-element-161843d e-con-full e-flex e-con e-child\" data-id=\"161843d\" data-element_type=\"container\">\n\t\t\t\t<div class=\"elementor-element elementor-element-83d9c57 elementor-widget elementor-widget-text-editor\" data-id=\"83d9c57\" data-element_type=\"widget\" data-widget_type=\"text-editor.default\">\n\t\t\t\t<div class=\"elementor-widget-container\">\n\t\t\t\t\t\t\t\t\t<p>Pour aller plus loin, je propose \u00e9galement des s\u00e9ances de :<\/p>\t\t\t\t\t\t\t\t<\/div>\n\t\t\t\t<\/div>\n\t\t\t\t<\/div>\n\t\t<div class=\"elementor-element elementor-element-11439d0 e-con-full e-flex e-con e-child\" data-id=\"11439d0\" data-element_type=\"container\">\n\t\t<div class=\"elementor-element elementor-element-7f6481d e-con-full e-flex e-con e-child\" data-id=\"7f6481d\" data-element_type=\"container\">\n\t\t\t\t<div class=\"elementor-element elementor-element-8b0fc37 elementor-widget elementor-widget-button\" data-id=\"8b0fc37\" data-element_type=\"widget\" data-widget_type=\"button.default\">\n\t\t\t\t<div class=\"elementor-widget-container\">\n\t\t\t\t\t\t\t\t\t<div class=\"elementor-button-wrapper\">\n\t\t\t\t\t<a class=\"elementor-button elementor-button-link elementor-size-sm\" href=\"https:\/\/voieducorps.fr\/index.php\/neurotherapie.integrative\/\">\n\t\t\t\t\t\t<span class=\"elementor-button-content-wrapper\">\n\t\t\t\t\t\t\t\t\t<span class=\"elementor-button-text\">Neurotherapie Int\u00e9grative<\/span>\n\t\t\t\t\t<\/span>\n\t\t\t\t\t<\/a>\n\t\t\t\t<\/div>\n\t\t\t\t\t\t\t\t<\/div>\n\t\t\t\t<\/div>\n\t\t\t\t<\/div>\n\t\t\t\t<\/div>\n\t\t\t\t<\/div>\n\t\t\t\t\t<\/div>\n\t\t\t\t<\/div>\n\t\t\t\t<\/div>\n\t\t","protected":false},"excerpt":{"rendered":"<p>Th\u00e9rapie Psychocorporelle Les Bienfaits de la Th\u00e9rapie La th\u00e9rapie psychocorporelle favorise le d\u00e9nouement de situations de vie probl\u00e9matiques et la r\u00e9solution des troubles psychosomatiques qu\u2019elles entra\u00eenent. Elle associe le toucher \u00e0 des outils de psychoth\u00e9rapie verbale pour aider une personne dans son corps, dans sa vie et dans ses relations. Bas\u00e9e sur la qualit\u00e9 de [&hellip;]<\/p>\n","protected":false},"author":1,"featured_media":0,"parent":0,"menu_order":0,"comment_status":"closed","ping_status":"closed","template":"elementor_header_footer","meta":{"footnotes":""},"class_list":["post-13","page","type-page","status-publish","hentry"],"yoast_head":"<!-- This site is optimized with the Yoast SEO plugin v24.1 - https:\/\/yoast.com\/wordpress\/plugins\/seo\/ -->\n<title>Th\u00e9rapie psychocorporelle et Energ\u00e9tique - St\u00e9phanie Marcq<\/title>\n<meta name=\"description\" content=\"D\u00e9couvrez la th\u00e9rapie psychocorporelle et \u00e9nerg\u00e9tique : une approche holistique combinant toucher, \u00e9nergie et dialogue pour lib\u00e9rer tensions.\" \/>\n<meta name=\"robots\" content=\"index, follow, max-snippet:-1, max-image-preview:large, max-video-preview:-1\" \/>\n<link rel=\"canonical\" href=\"https:\/\/voieducorps.fr\/index.php\/therapie\/\" \/>\n<meta property=\"og:locale\" content=\"fr_FR\" \/>\n<meta property=\"og:type\" content=\"article\" \/>\n<meta property=\"og:title\" content=\"Th\u00e9rapie psychocorporelle et Energ\u00e9tique - St\u00e9phanie Marcq\" \/>\n<meta property=\"og:description\" content=\"D\u00e9couvrez la th\u00e9rapie psychocorporelle et \u00e9nerg\u00e9tique : une approche holistique combinant toucher, \u00e9nergie et dialogue pour lib\u00e9rer tensions.\" \/>\n<meta property=\"og:url\" content=\"https:\/\/voieducorps.fr\/index.php\/therapie\/\" \/>\n<meta property=\"og:site_name\" content=\"St\u00e9phanie Marcq\" \/>\n<meta property=\"article:modified_time\" content=\"2025-06-22T10:48:19+00:00\" \/>\n<meta property=\"og:image\" content=\"https:\/\/voieducorps.fr\/wp-content\/uploads\/2024\/12\/Frame-3.png\" \/>\n\t<meta property=\"og:image:width\" content=\"276\" \/>\n\t<meta property=\"og:image:height\" content=\"266\" \/>\n\t<meta property=\"og:image:type\" content=\"image\/png\" \/>\n<meta name=\"twitter:card\" content=\"summary_large_image\" \/>\n<meta name=\"twitter:label1\" content=\"Dur\u00e9e de lecture estim\u00e9e\" \/>\n\t<meta name=\"twitter:data1\" content=\"2 minutes\" \/>\n<script type=\"application\/ld+json\" class=\"yoast-schema-graph\">{\"@context\":\"https:\/\/schema.org\",\"@graph\":[{\"@type\":\"WebPage\",\"@id\":\"https:\/\/voieducorps.fr\/index.php\/therapie\/\",\"url\":\"https:\/\/voieducorps.fr\/index.php\/therapie\/\",\"name\":\"Th\u00e9rapie psychocorporelle et Energ\u00e9tique - St\u00e9phanie Marcq\",\"isPartOf\":{\"@id\":\"https:\/\/voieducorps.fr\/#website\"},\"primaryImageOfPage\":{\"@id\":\"https:\/\/voieducorps.fr\/index.php\/therapie\/#primaryimage\"},\"image\":{\"@id\":\"https:\/\/voieducorps.fr\/index.php\/therapie\/#primaryimage\"},\"thumbnailUrl\":\"https:\/\/voieducorps.fr\/wp-content\/uploads\/2024\/12\/Frame-3.png\",\"datePublished\":\"2024-12-18T12:16:59+00:00\",\"dateModified\":\"2025-06-22T10:48:19+00:00\",\"description\":\"D\u00e9couvrez la th\u00e9rapie psychocorporelle et \u00e9nerg\u00e9tique : une approche holistique combinant toucher, \u00e9nergie et dialogue pour lib\u00e9rer tensions.\",\"breadcrumb\":{\"@id\":\"https:\/\/voieducorps.fr\/index.php\/therapie\/#breadcrumb\"},\"inLanguage\":\"fr-FR\",\"potentialAction\":[{\"@type\":\"ReadAction\",\"target\":[\"https:\/\/voieducorps.fr\/index.php\/therapie\/\"]}]},{\"@type\":\"ImageObject\",\"inLanguage\":\"fr-FR\",\"@id\":\"https:\/\/voieducorps.fr\/index.php\/therapie\/#primaryimage\",\"url\":\"https:\/\/voieducorps.fr\/wp-content\/uploads\/2024\/12\/Frame-3.png\",\"contentUrl\":\"https:\/\/voieducorps.fr\/wp-content\/uploads\/2024\/12\/Frame-3.png\",\"width\":276,\"height\":266,\"caption\":\"Logo de la th\u00e9rapie psychocorporelle\"},{\"@type\":\"BreadcrumbList\",\"@id\":\"https:\/\/voieducorps.fr\/index.php\/therapie\/#breadcrumb\",\"itemListElement\":[{\"@type\":\"ListItem\",\"position\":1,\"name\":\"Accueil\",\"item\":\"https:\/\/voieducorps.fr\/\"},{\"@type\":\"ListItem\",\"position\":2,\"name\":\"Th\u00e9rapie psychocorporelle et Energ\u00e9tique\"}]},{\"@type\":\"WebSite\",\"@id\":\"https:\/\/voieducorps.fr\/#website\",\"url\":\"https:\/\/voieducorps.fr\/\",\"name\":\"St\u00e9phanie Marcq\",\"description\":\"Th\u00e9rapeute Psychocorporelle\",\"publisher\":{\"@id\":\"https:\/\/voieducorps.fr\/#organization\"},\"potentialAction\":[{\"@type\":\"SearchAction\",\"target\":{\"@type\":\"EntryPoint\",\"urlTemplate\":\"https:\/\/voieducorps.fr\/?s={search_term_string}\"},\"query-input\":{\"@type\":\"PropertyValueSpecification\",\"valueRequired\":true,\"valueName\":\"search_term_string\"}}],\"inLanguage\":\"fr-FR\"},{\"@type\":\"Organization\",\"@id\":\"https:\/\/voieducorps.fr\/#organization\",\"name\":\"St\u00e9phanie Marcq\",\"url\":\"https:\/\/voieducorps.fr\/\",\"logo\":{\"@type\":\"ImageObject\",\"inLanguage\":\"fr-FR\",\"@id\":\"https:\/\/voieducorps.fr\/#\/schema\/logo\/image\/\",\"url\":\"https:\/\/voieducorps.fr\/wp-content\/uploads\/2024\/12\/cropped-Logo-therapie.png\",\"contentUrl\":\"https:\/\/voieducorps.fr\/wp-content\/uploads\/2024\/12\/cropped-Logo-therapie.png\",\"width\":276,\"height\":267,\"caption\":\"St\u00e9phanie Marcq\"},\"image\":{\"@id\":\"https:\/\/voieducorps.fr\/#\/schema\/logo\/image\/\"}}]}<\/script>\n<!-- \/ Yoast SEO plugin. -->","yoast_head_json":{"title":"Th\u00e9rapie psychocorporelle et Energ\u00e9tique - St\u00e9phanie Marcq","description":"D\u00e9couvrez la th\u00e9rapie psychocorporelle et \u00e9nerg\u00e9tique : une approche holistique combinant toucher, \u00e9nergie et dialogue pour lib\u00e9rer tensions.","robots":{"index":"index","follow":"follow","max-snippet":"max-snippet:-1","max-image-preview":"max-image-preview:large","max-video-preview":"max-video-preview:-1"},"canonical":"https:\/\/voieducorps.fr\/index.php\/therapie\/","og_locale":"fr_FR","og_type":"article","og_title":"Th\u00e9rapie psychocorporelle et Energ\u00e9tique - St\u00e9phanie Marcq","og_description":"D\u00e9couvrez la th\u00e9rapie psychocorporelle et \u00e9nerg\u00e9tique : une approche holistique combinant toucher, \u00e9nergie et dialogue pour lib\u00e9rer tensions.","og_url":"https:\/\/voieducorps.fr\/index.php\/therapie\/","og_site_name":"St\u00e9phanie Marcq","article_modified_time":"2025-06-22T10:48:19+00:00","og_image":[{"width":276,"height":266,"url":"https:\/\/voieducorps.fr\/wp-content\/uploads\/2024\/12\/Frame-3.png","type":"image\/png"}],"twitter_card":"summary_large_image","twitter_misc":{"Dur\u00e9e de lecture estim\u00e9e":"2 minutes"},"schema":{"@context":"https:\/\/schema.org","@graph":[{"@type":"WebPage","@id":"https:\/\/voieducorps.fr\/index.php\/therapie\/","url":"https:\/\/voieducorps.fr\/index.php\/therapie\/","name":"Th\u00e9rapie psychocorporelle et Energ\u00e9tique - St\u00e9phanie Marcq","isPartOf":{"@id":"https:\/\/voieducorps.fr\/#website"},"primaryImageOfPage":{"@id":"https:\/\/voieducorps.fr\/index.php\/therapie\/#primaryimage"},"image":{"@id":"https:\/\/voieducorps.fr\/index.php\/therapie\/#primaryimage"},"thumbnailUrl":"https:\/\/voieducorps.fr\/wp-content\/uploads\/2024\/12\/Frame-3.png","datePublished":"2024-12-18T12:16:59+00:00","dateModified":"2025-06-22T10:48:19+00:00","description":"D\u00e9couvrez la th\u00e9rapie psychocorporelle et \u00e9nerg\u00e9tique : une approche holistique combinant toucher, \u00e9nergie et dialogue pour lib\u00e9rer tensions.","breadcrumb":{"@id":"https:\/\/voieducorps.fr\/index.php\/therapie\/#breadcrumb"},"inLanguage":"fr-FR","potentialAction":[{"@type":"ReadAction","target":["https:\/\/voieducorps.fr\/index.php\/therapie\/"]}]},{"@type":"ImageObject","inLanguage":"fr-FR","@id":"https:\/\/voieducorps.fr\/index.php\/therapie\/#primaryimage","url":"https:\/\/voieducorps.fr\/wp-content\/uploads\/2024\/12\/Frame-3.png","contentUrl":"https:\/\/voieducorps.fr\/wp-content\/uploads\/2024\/12\/Frame-3.png","width":276,"height":266,"caption":"Logo de la th\u00e9rapie psychocorporelle"},{"@type":"BreadcrumbList","@id":"https:\/\/voieducorps.fr\/index.php\/therapie\/#breadcrumb","itemListElement":[{"@type":"ListItem","position":1,"name":"Accueil","item":"https:\/\/voieducorps.fr\/"},{"@type":"ListItem","position":2,"name":"Th\u00e9rapie psychocorporelle et Energ\u00e9tique"}]},{"@type":"WebSite","@id":"https:\/\/voieducorps.fr\/#website","url":"https:\/\/voieducorps.fr\/","name":"St\u00e9phanie Marcq","description":"Th\u00e9rapeute Psychocorporelle","publisher":{"@id":"https:\/\/voieducorps.fr\/#organization"},"potentialAction":[{"@type":"SearchAction","target":{"@type":"EntryPoint","urlTemplate":"https:\/\/voieducorps.fr\/?s={search_term_string}"},"query-input":{"@type":"PropertyValueSpecification","valueRequired":true,"valueName":"search_term_string"}}],"inLanguage":"fr-FR"},{"@type":"Organization","@id":"https:\/\/voieducorps.fr\/#organization","name":"St\u00e9phanie Marcq","url":"https:\/\/voieducorps.fr\/","logo":{"@type":"ImageObject","inLanguage":"fr-FR","@id":"https:\/\/voieducorps.fr\/#\/schema\/logo\/image\/","url":"https:\/\/voieducorps.fr\/wp-content\/uploads\/2024\/12\/cropped-Logo-therapie.png","contentUrl":"https:\/\/voieducorps.fr\/wp-content\/uploads\/2024\/12\/cropped-Logo-therapie.png","width":276,"height":267,"caption":"St\u00e9phanie Marcq"},"image":{"@id":"https:\/\/voieducorps.fr\/#\/schema\/logo\/image\/"}}]}},"_links":{"self":[{"href":"https:\/\/voieducorps.fr\/index.php\/wp-json\/wp\/v2\/pages\/13","targetHints":{"allow":["GET"]}}],"collection":[{"href":"https:\/\/voieducorps.fr\/index.php\/wp-json\/wp\/v2\/pages"}],"about":[{"href":"https:\/\/voieducorps.fr\/index.php\/wp-json\/wp\/v2\/types\/page"}],"author":[{"embeddable":true,"href":"https:\/\/voieducorps.fr\/index.php\/wp-json\/wp\/v2\/users\/1"}],"replies":[{"embeddable":true,"href":"https:\/\/voieducorps.fr\/index.php\/wp-json\/wp\/v2\/comments?post=13"}],"version-history":[{"count":87,"href":"https:\/\/voieducorps.fr\/index.php\/wp-json\/wp\/v2\/pages\/13\/revisions"}],"predecessor-version":[{"id":811,"href":"https:\/\/voieducorps.fr\/index.php\/wp-json\/wp\/v2\/pages\/13\/revisions\/811"}],"wp:attachment":[{"href":"https:\/\/voieducorps.fr\/index.php\/wp-json\/wp\/v2\/media?parent=13"}],"curies":[{"name":"wp","href":"https:\/\/api.w.org\/{rel}","templated":true}]}}